{"id":6849,"date":"2023-08-15T13:21:28","date_gmt":"2023-08-15T18:21:28","guid":{"rendered":"https:\/\/mariasilvestre.com.co\/?page_id=6849"},"modified":"2023-08-15T20:20:56","modified_gmt":"2023-08-16T01:20:56","slug":"conoce-mas","status":"publish","type":"page","link":"https:\/\/mariasilvestre.com.co\/?page_id=6849","title":{"rendered":"CONOCE M\u00c1S"},"content":{"rendered":"\t\t<div data-elementor-type=\"wp-page\" data-elementor-id=\"6849\" class=\"elementor elementor-6849\">\n\t\t\t\t\t\t\t\t\t<section class=\"elementor-section elementor-top-section elementor-element elementor-element-e9ece80 elementor-section-full_width elementor-section-height-default elementor-section-height-default\" data-id=\"e9ece80\" data-element_type=\"section\">\n\t\t\t\t\t\t<div class=\"elementor-container elementor-column-gap-default\">\n\t\t\t\t\t<div class=\"elementor-column elementor-col-100 elementor-top-column elementor-element elementor-element-c53bb3a elementor-invisible\" data-id=\"c53bb3a\" data-element_type=\"column\" data-settings=\"{&quot;animation&quot;:&quot;fadeInUp&quot;}\">\n\t\t\t<div class=\"elementor-widget-wrap elementor-element-populated\">\n\t\t\t\t\t\t\t\t<div class=\"elementor-element elementor-element-eaf323a elementor-widget elementor-widget-image\" data-id=\"eaf323a\" data-element_type=\"widget\" data-widget_type=\"image.default\">\n\t\t\t\t<div class=\"elementor-widget-container\">\n\t\t\t<style>\/*! elementor - v3.15.0 - 20-08-2023 *\/\n.elementor-widget-image{text-align:center}.elementor-widget-image a{display:inline-block}.elementor-widget-image a img[src$=\".svg\"]{width:48px}.elementor-widget-image img{vertical-align:middle;display:inline-block}<\/style>\t\t\t\t\t\t\t\t\t\t\t\t<img decoding=\"async\" loading=\"lazy\" width=\"768\" height=\"403\" src=\"https:\/\/mariasilvestre.com.co\/wp-content\/uploads\/2023\/08\/3-768x403.png\" class=\"attachment-medium_large size-medium_large wp-image-591\" alt=\"\" srcset=\"https:\/\/mariasilvestre.com.co\/wp-content\/uploads\/2023\/08\/3-768x403.png 768w, https:\/\/mariasilvestre.com.co\/wp-content\/uploads\/2023\/08\/3-300x158.png 300w, https:\/\/mariasilvestre.com.co\/wp-content\/uploads\/2023\/08\/3-1024x538.png 1024w, https:\/\/mariasilvestre.com.co\/wp-content\/uploads\/2023\/08\/3-600x315.png 600w, https:\/\/mariasilvestre.com.co\/wp-content\/uploads\/2023\/08\/3.png 1200w\" sizes=\"100vw\" \/>\t\t\t\t\t\t\t\t\t\t\t\t\t\t\t<\/div>\n\t\t\t\t<\/div>\n\t\t\t\t\t<\/div>\n\t\t<\/div>\n\t\t\t\t\t\t\t<\/div>\n\t\t<\/section>\n\t\t\t\t<section class=\"elementor-section elementor-top-section elementor-element elementor-element-725c692 elementor-section-boxed elementor-section-height-default elementor-section-height-default\" data-id=\"725c692\" data-element_type=\"section\">\n\t\t\t\t\t\t<div class=\"elementor-container elementor-column-gap-default\">\n\t\t\t\t\t<div class=\"elementor-column elementor-col-100 elementor-top-column elementor-element elementor-element-3177e5f\" data-id=\"3177e5f\" data-element_type=\"column\">\n\t\t\t<div class=\"elementor-widget-wrap elementor-element-populated\">\n\t\t\t\t\t\t\t\t<div class=\"elementor-element elementor-element-210d214 elementor-widget elementor-widget-text-editor\" data-id=\"210d214\" data-element_type=\"widget\" data-widget_type=\"text-editor.default\">\n\t\t\t\t<div class=\"elementor-widget-container\">\n\t\t\t<style>\/*! elementor - v3.15.0 - 20-08-2023 *\/\n.elementor-widget-text-editor.elementor-drop-cap-view-stacked .elementor-drop-cap{background-color:#69727d;color:#fff}.elementor-widget-text-editor.elementor-drop-cap-view-framed .elementor-drop-cap{color:#69727d;border:3px solid;background-color:transparent}.elementor-widget-text-editor:not(.elementor-drop-cap-view-default) .elementor-drop-cap{margin-top:8px}.elementor-widget-text-editor:not(.elementor-drop-cap-view-default) .elementor-drop-cap-letter{width:1em;height:1em}.elementor-widget-text-editor .elementor-drop-cap{float:left;text-align:center;line-height:1;font-size:50px}.elementor-widget-text-editor .elementor-drop-cap-letter{display:inline-block}<\/style>\t\t\t\t<p><span style=\"font-weight: 400;\">Creemos en la Educaci\u00f3n Sexual Integral (ESI) como piedra angular de la transformaci\u00f3n social, y por tal raz\u00f3n, que tanto la etapa prenatal como la infancia, deben estar en el centro de los cuidados de las sociedades pues son los per\u00edodos m\u00e1s importantes de toda la vida humana, y por tanto los m\u00e1s relevantes para la sociedad en general.\u00a0<\/span><\/p><p><span style=\"font-weight: 400;\">Este proyecto busca entonces, poder acompa\u00f1ar la reflexi\u00f3n continua sobre la sexualidad humana, como pilar en la construcci\u00f3n de sociedades m\u00e1s saludables y por tanto libres de violencias, que promuevan el buen vivir, centrando el cuidado de las d\u00edadas <\/span><i><span style=\"font-weight: 400;\">Mam\u00e1-beb\u00e9<\/span><\/i><span style=\"font-weight: 400;\">, <\/span><i><span style=\"font-weight: 400;\">humanos &#8211; planeta tierra<\/span><\/i><span style=\"font-weight: 400;\">, como el objetivo central de cualquier sociedad sustentable y en armon\u00eda con la naturaleza.<\/span><\/p><p><span style=\"font-weight: 400;\">En mar\u00edasilvestre, celebramos el conocimiento ancestral que resguardan las mujeres de todas las latitudes y honramos la relaci\u00f3n rec\u00edproca entre nuestros cuerpos y la tierra. <\/span><\/p>\t\t\t\t\t\t<\/div>\n\t\t\t\t<\/div>\n\t\t\t\t\t<\/div>\n\t\t<\/div>\n\t\t\t\t\t\t\t<\/div>\n\t\t<\/section>\n\t\t\t\t<section class=\"elementor-section elementor-top-section elementor-element elementor-element-cf73fb3 elementor-section-boxed elementor-section-height-default elementor-section-height-default\" data-id=\"cf73fb3\" data-element_type=\"section\">\n\t\t\t\t\t\t<div class=\"elementor-container elementor-column-gap-default\">\n\t\t\t\t\t<div class=\"elementor-column elementor-col-100 elementor-top-column elementor-element elementor-element-22786c1\" data-id=\"22786c1\" data-element_type=\"column\">\n\t\t\t<div class=\"elementor-widget-wrap elementor-element-populated\">\n\t\t\t\t\t\t\t\t<div class=\"elementor-element elementor-element-b957298 elementor-widget elementor-widget-spacer\" data-id=\"b957298\" data-element_type=\"widget\" data-widget_type=\"spacer.default\">\n\t\t\t\t<div class=\"elementor-widget-container\">\n\t\t\t<style>\/*! elementor - v3.15.0 - 20-08-2023 *\/\n.elementor-column .elementor-spacer-inner{height:var(--spacer-size)}.e-con{--container-widget-width:100%}.e-con-inner>.elementor-widget-spacer,.e-con>.elementor-widget-spacer{width:var(--container-widget-width,var(--spacer-size));--align-self:var(--container-widget-align-self,initial);--flex-shrink:0}.e-con-inner>.elementor-widget-spacer>.elementor-widget-container,.e-con-inner>.elementor-widget-spacer>.elementor-widget-container>.elementor-spacer,.e-con>.elementor-widget-spacer>.elementor-widget-container,.e-con>.elementor-widget-spacer>.elementor-widget-container>.elementor-spacer{height:100%}.e-con-inner>.elementor-widget-spacer>.elementor-widget-container>.elementor-spacer>.elementor-spacer-inner,.e-con>.elementor-widget-spacer>.elementor-widget-container>.elementor-spacer>.elementor-spacer-inner{height:var(--container-widget-height,var(--spacer-size))}<\/style>\t\t<div class=\"elementor-spacer\">\n\t\t\t<div class=\"elementor-spacer-inner\"><\/div>\n\t\t<\/div>\n\t\t\t\t<\/div>\n\t\t\t\t<\/div>\n\t\t\t\t\t<\/div>\n\t\t<\/div>\n\t\t\t\t\t\t\t<\/div>\n\t\t<\/section>\n\t\t\t\t\t\t\t<\/div>\n\t\t","protected":false},"excerpt":{"rendered":"<p>Creemos en la Educaci\u00f3n Sexual Integral (ESI) como piedra angular de la transformaci\u00f3n social, y por tal raz\u00f3n, que tanto la etapa prenatal como la infancia, deben estar en el centro de los cuidados de las sociedades pues son los per\u00edodos m\u00e1s importantes de toda la vida humana, y por tanto los m\u00e1s relevantes para &hellip; <\/p>\n<p class=\"link-more\"><a href=\"https:\/\/mariasilvestre.com.co\/?page_id=6849\" class=\"more-link\">Leer m\u00e1s<span class=\"screen-reader-text\"> \u00abCONOCE M\u00c1S\u00bb<\/span><\/a><\/p>\n","protected":false},"author":1,"featured_media":0,"parent":0,"menu_order":0,"comment_status":"closed","ping_status":"closed","template":"","meta":{"footnotes":""},"aioseo_notices":[],"_links":{"self":[{"href":"https:\/\/mariasilvestre.com.co\/index.php?rest_route=\/wp\/v2\/pages\/6849"}],"collection":[{"href":"https:\/\/mariasilvestre.com.co\/index.php?rest_route=\/wp\/v2\/pages"}],"about":[{"href":"https:\/\/mariasilvestre.com.co\/index.php?rest_route=\/wp\/v2\/types\/page"}],"author":[{"embeddable":true,"href":"https:\/\/mariasilvestre.com.co\/index.php?rest_route=\/wp\/v2\/users\/1"}],"replies":[{"embeddable":true,"href":"https:\/\/mariasilvestre.com.co\/index.php?rest_route=%2Fwp%2Fv2%2Fcomments&post=6849"}],"version-history":[{"count":7,"href":"https:\/\/mariasilvestre.com.co\/index.php?rest_route=\/wp\/v2\/pages\/6849\/revisions"}],"predecessor-version":[{"id":6859,"href":"https:\/\/mariasilvestre.com.co\/index.php?rest_route=\/wp\/v2\/pages\/6849\/revisions\/6859"}],"wp:attachment":[{"href":"https:\/\/mariasilvestre.com.co\/index.php?rest_route=%2Fwp%2Fv2%2Fmedia&parent=6849"}],"curies":[{"name":"wp","href":"https:\/\/api.w.org\/{rel}","templated":true}]}}