{"id":176,"date":"2023-06-20T18:21:50","date_gmt":"2023-06-20T23:21:50","guid":{"rendered":"https:\/\/mariasilvestre.com.co\/?page_id=176"},"modified":"2023-08-23T16:02:34","modified_gmt":"2023-08-23T21:02:34","slug":"acompanamiento-a-gestaciones-partos-puerperios-lactancias","status":"publish","type":"page","link":"https:\/\/mariasilvestre.com.co\/?page_id=176","title":{"rendered":"Acompa\u00f1amiento a gestaciones, partos, puerperios, lactancias"},"content":{"rendered":"\t\t<div data-elementor-type=\"wp-page\" data-elementor-id=\"176\" class=\"elementor elementor-176\">\n\t\t\t\t\t\t\t\t\t<section class=\"elementor-section elementor-top-section elementor-element elementor-element-ab952b0 elementor-section-boxed elementor-section-height-default elementor-section-height-default\" data-id=\"ab952b0\" data-element_type=\"section\">\n\t\t\t\t\t\t<div class=\"elementor-container elementor-column-gap-default\">\n\t\t\t\t\t<div class=\"elementor-column elementor-col-100 elementor-top-column elementor-element elementor-element-d3acf79\" data-id=\"d3acf79\" data-element_type=\"column\">\n\t\t\t<div class=\"elementor-widget-wrap elementor-element-populated\">\n\t\t\t\t\t\t\t\t<div class=\"elementor-element elementor-element-9e0734d elementor-widget elementor-widget-image\" data-id=\"9e0734d\" data-element_type=\"widget\" data-widget_type=\"image.default\">\n\t\t\t\t<div class=\"elementor-widget-container\">\n\t\t\t<style>\/*! elementor - v3.15.0 - 20-08-2023 *\/\n.elementor-widget-image{text-align:center}.elementor-widget-image a{display:inline-block}.elementor-widget-image a img[src$=\".svg\"]{width:48px}.elementor-widget-image img{vertical-align:middle;display:inline-block}<\/style>\t\t\t\t\t\t\t\t\t\t\t\t<img decoding=\"async\" loading=\"lazy\" width=\"768\" height=\"403\" src=\"https:\/\/mariasilvestre.com.co\/wp-content\/uploads\/2023\/08\/4-768x403.png\" class=\"attachment-medium_large size-medium_large wp-image-583\" alt=\"\" srcset=\"https:\/\/mariasilvestre.com.co\/wp-content\/uploads\/2023\/08\/4-768x403.png 768w, https:\/\/mariasilvestre.com.co\/wp-content\/uploads\/2023\/08\/4-300x158.png 300w, https:\/\/mariasilvestre.com.co\/wp-content\/uploads\/2023\/08\/4-1024x538.png 1024w, https:\/\/mariasilvestre.com.co\/wp-content\/uploads\/2023\/08\/4-600x315.png 600w, https:\/\/mariasilvestre.com.co\/wp-content\/uploads\/2023\/08\/4.png 1200w\" sizes=\"100vw\" \/>\t\t\t\t\t\t\t\t\t\t\t\t\t\t\t<\/div>\n\t\t\t\t<\/div>\n\t\t\t\t\t<\/div>\n\t\t<\/div>\n\t\t\t\t\t\t\t<\/div>\n\t\t<\/section>\n\t\t\t\t<section class=\"elementor-section elementor-top-section elementor-element elementor-element-9a10782 elementor-section-boxed elementor-section-height-default elementor-section-height-default\" data-id=\"9a10782\" data-element_type=\"section\">\n\t\t\t\t\t\t<div class=\"elementor-container elementor-column-gap-default\">\n\t\t\t\t\t<div class=\"elementor-column elementor-col-100 elementor-top-column elementor-element elementor-element-4c89f7b\" data-id=\"4c89f7b\" data-element_type=\"column\">\n\t\t\t<div class=\"elementor-widget-wrap elementor-element-populated\">\n\t\t\t\t\t\t\t\t<div class=\"elementor-element elementor-element-f075609 elementor-widget elementor-widget-text-editor\" data-id=\"f075609\" data-element_type=\"widget\" data-widget_type=\"text-editor.default\">\n\t\t\t\t<div class=\"elementor-widget-container\">\n\t\t\t<style>\/*! elementor - v3.15.0 - 20-08-2023 *\/\n.elementor-widget-text-editor.elementor-drop-cap-view-stacked .elementor-drop-cap{background-color:#69727d;color:#fff}.elementor-widget-text-editor.elementor-drop-cap-view-framed .elementor-drop-cap{color:#69727d;border:3px solid;background-color:transparent}.elementor-widget-text-editor:not(.elementor-drop-cap-view-default) .elementor-drop-cap{margin-top:8px}.elementor-widget-text-editor:not(.elementor-drop-cap-view-default) .elementor-drop-cap-letter{width:1em;height:1em}.elementor-widget-text-editor .elementor-drop-cap{float:left;text-align:center;line-height:1;font-size:50px}.elementor-widget-text-editor .elementor-drop-cap-letter{display:inline-block}<\/style>\t\t\t\t<p><span style=\"color: #000000;\">Ofrecemos <strong>5 encuentros de base<\/strong>, con la posibilidad de modalidad virtual o presencial, o h\u00edbrida (seg\u00fan el caso).\u00a0 Para introducir y conversar sobre:<\/span><\/p><ol><li aria-level=\"1\"><span style=\"color: #000000;\">Parir, alumbrar, nacer<\/span><\/li><li aria-level=\"1\"><span style=\"color: #000000;\">Anatom\u00eda femenina<\/span><\/li><li aria-level=\"1\"><span style=\"color: #000000;\">Los tres trimestres<\/span><\/li><li aria-level=\"1\"><span style=\"color: #000000;\">El parto sucede: pelvis y movimiento<\/span><\/li><li aria-level=\"1\"><span style=\"color: #000000;\">Lactancia<\/span><\/li><\/ol><p><span style=\"color: #000000;\">Estos encuentros bases, incluyen intercambio de bibliograf\u00eda, material audiovisual y actividades l\u00fadicas.<\/span><\/p>\t\t\t\t\t\t<\/div>\n\t\t\t\t<\/div>\n\t\t\t\t\t<\/div>\n\t\t<\/div>\n\t\t\t\t\t\t\t<\/div>\n\t\t<\/section>\n\t\t\t\t<section class=\"elementor-section elementor-top-section elementor-element elementor-element-6d2ae49 elementor-section-boxed elementor-section-height-default elementor-section-height-default\" data-id=\"6d2ae49\" data-element_type=\"section\">\n\t\t\t\t\t\t<div class=\"elementor-container elementor-column-gap-default\">\n\t\t\t\t\t<div class=\"elementor-column elementor-col-100 elementor-top-column elementor-element elementor-element-b065d88\" data-id=\"b065d88\" data-element_type=\"column\">\n\t\t\t<div class=\"elementor-widget-wrap elementor-element-populated\">\n\t\t\t\t\t\t\t\t<div class=\"elementor-element elementor-element-822dbaf elementor-widget elementor-widget-text-editor\" data-id=\"822dbaf\" data-element_type=\"widget\" data-widget_type=\"text-editor.default\">\n\t\t\t\t<div class=\"elementor-widget-container\">\n\t\t\t\t\t\t\t<p><span style=\"color: #000000;\">De manera complementaria, la mujer y su compa\u00f1erx podr\u00e1n elegir alguno de los servicios a continuaci\u00f3n:\u00a0<\/span><\/p><ul><li style=\"font-weight: 400;\" aria-level=\"1\"><span style=\"font-weight: 400; color: #000000;\">Masaje y rebozo para la madre y\/o padre\u00a0<\/span><\/li><li style=\"font-weight: 400;\" aria-level=\"1\"><span style=\"color: #000000;\"><span style=\"caret-color: #000000;\">Herbolog\u00eda<\/span><\/span><\/li><li style=\"font-weight: 400;\" aria-level=\"1\"><span style=\"font-weight: 400; color: #000000;\">Encuentros de Biodanza<\/span><\/li><li style=\"font-weight: 400;\" aria-level=\"1\"><span style=\"font-weight: 400; color: #000000;\">Taller creativo\u00a0<\/span><\/li><li style=\"font-weight: 400;\" aria-level=\"1\"><span style=\"font-weight: 400; color: #000000;\">C\u00edrculo de bendiciones<\/span><\/li><li style=\"font-weight: 400;\" aria-level=\"1\"><span style=\"font-weight: 400; color: #000000;\">Cierre uterino<\/span><\/li><\/ul><div><span style=\"color: #808080;\"><em><span style=\"caret-color: #000000;\">\u00a0<\/span><\/em><\/span><\/div><div><span style=\"color: #808080;\"><em><span style=\"caret-color: #000000;\">*Cont\u00e1ctanos para ampliar la informaci\u00f3n sobre modalidades y reciprocidad econ\u00f3mica\u00a0<\/span><\/em><\/span><\/div>\t\t\t\t\t\t<\/div>\n\t\t\t\t<\/div>\n\t\t\t\t\t<\/div>\n\t\t<\/div>\n\t\t\t\t\t\t\t<\/div>\n\t\t<\/section>\n\t\t\t\t<section class=\"elementor-section elementor-top-section elementor-element elementor-element-1eaab19 elementor-section-boxed elementor-section-height-default elementor-section-height-default\" data-id=\"1eaab19\" data-element_type=\"section\">\n\t\t\t\t\t\t<div class=\"elementor-container elementor-column-gap-default\">\n\t\t\t\t\t<div class=\"elementor-column elementor-col-100 elementor-top-column elementor-element elementor-element-358a3eb\" data-id=\"358a3eb\" data-element_type=\"column\">\n\t\t\t<div class=\"elementor-widget-wrap elementor-element-populated\">\n\t\t\t\t\t\t\t\t<div class=\"elementor-element elementor-element-ccfc6dc elementor-widget elementor-widget-spacer\" data-id=\"ccfc6dc\" data-element_type=\"widget\" data-widget_type=\"spacer.default\">\n\t\t\t\t<div class=\"elementor-widget-container\">\n\t\t\t<style>\/*! elementor - v3.15.0 - 20-08-2023 *\/\n.elementor-column .elementor-spacer-inner{height:var(--spacer-size)}.e-con{--container-widget-width:100%}.e-con-inner>.elementor-widget-spacer,.e-con>.elementor-widget-spacer{width:var(--container-widget-width,var(--spacer-size));--align-self:var(--container-widget-align-self,initial);--flex-shrink:0}.e-con-inner>.elementor-widget-spacer>.elementor-widget-container,.e-con-inner>.elementor-widget-spacer>.elementor-widget-container>.elementor-spacer,.e-con>.elementor-widget-spacer>.elementor-widget-container,.e-con>.elementor-widget-spacer>.elementor-widget-container>.elementor-spacer{height:100%}.e-con-inner>.elementor-widget-spacer>.elementor-widget-container>.elementor-spacer>.elementor-spacer-inner,.e-con>.elementor-widget-spacer>.elementor-widget-container>.elementor-spacer>.elementor-spacer-inner{height:var(--container-widget-height,var(--spacer-size))}<\/style>\t\t<div class=\"elementor-spacer\">\n\t\t\t<div class=\"elementor-spacer-inner\"><\/div>\n\t\t<\/div>\n\t\t\t\t<\/div>\n\t\t\t\t<\/div>\n\t\t\t\t\t<\/div>\n\t\t<\/div>\n\t\t\t\t\t\t\t<\/div>\n\t\t<\/section>\n\t\t\t\t<section class=\"elementor-section elementor-top-section elementor-element elementor-element-f41a50d elementor-section-boxed elementor-section-height-default elementor-section-height-default\" data-id=\"f41a50d\" data-element_type=\"section\">\n\t\t\t\t\t\t<div class=\"elementor-container elementor-column-gap-default\">\n\t\t\t\t\t<div class=\"elementor-column elementor-col-100 elementor-top-column elementor-element elementor-element-903e3df\" data-id=\"903e3df\" data-element_type=\"column\">\n\t\t\t<div class=\"elementor-widget-wrap elementor-element-populated\">\n\t\t\t\t\t\t\t\t<div class=\"elementor-element elementor-element-5c4d663 elementor-shape-circle elementor-grid-0 e-grid-align-center elementor-widget elementor-widget-social-icons\" data-id=\"5c4d663\" data-element_type=\"widget\" data-widget_type=\"social-icons.default\">\n\t\t\t\t<div class=\"elementor-widget-container\">\n\t\t\t<style>\/*! elementor - v3.15.0 - 20-08-2023 *\/\n.elementor-widget-social-icons.elementor-grid-0 .elementor-widget-container,.elementor-widget-social-icons.elementor-grid-mobile-0 .elementor-widget-container,.elementor-widget-social-icons.elementor-grid-tablet-0 .elementor-widget-container{line-height:1;font-size:0}.elementor-widget-social-icons:not(.elementor-grid-0):not(.elementor-grid-tablet-0):not(.elementor-grid-mobile-0) .elementor-grid{display:inline-grid}.elementor-widget-social-icons .elementor-grid{grid-column-gap:var(--grid-column-gap,5px);grid-row-gap:var(--grid-row-gap,5px);grid-template-columns:var(--grid-template-columns);justify-content:var(--justify-content,center);justify-items:var(--justify-content,center)}.elementor-icon.elementor-social-icon{font-size:var(--icon-size,25px);line-height:var(--icon-size,25px);width:calc(var(--icon-size, 25px) + (2 * var(--icon-padding, .5em)));height:calc(var(--icon-size, 25px) + (2 * var(--icon-padding, .5em)))}.elementor-social-icon{--e-social-icon-icon-color:#fff;display:inline-flex;background-color:#69727d;align-items:center;justify-content:center;text-align:center;cursor:pointer}.elementor-social-icon i{color:var(--e-social-icon-icon-color)}.elementor-social-icon svg{fill:var(--e-social-icon-icon-color)}.elementor-social-icon:last-child{margin:0}.elementor-social-icon:hover{opacity:.9;color:#fff}.elementor-social-icon-android{background-color:#a4c639}.elementor-social-icon-apple{background-color:#999}.elementor-social-icon-behance{background-color:#1769ff}.elementor-social-icon-bitbucket{background-color:#205081}.elementor-social-icon-codepen{background-color:#000}.elementor-social-icon-delicious{background-color:#39f}.elementor-social-icon-deviantart{background-color:#05cc47}.elementor-social-icon-digg{background-color:#005be2}.elementor-social-icon-dribbble{background-color:#ea4c89}.elementor-social-icon-elementor{background-color:#d30c5c}.elementor-social-icon-envelope{background-color:#ea4335}.elementor-social-icon-facebook,.elementor-social-icon-facebook-f{background-color:#3b5998}.elementor-social-icon-flickr{background-color:#0063dc}.elementor-social-icon-foursquare{background-color:#2d5be3}.elementor-social-icon-free-code-camp,.elementor-social-icon-freecodecamp{background-color:#006400}.elementor-social-icon-github{background-color:#333}.elementor-social-icon-gitlab{background-color:#e24329}.elementor-social-icon-globe{background-color:#69727d}.elementor-social-icon-google-plus,.elementor-social-icon-google-plus-g{background-color:#dd4b39}.elementor-social-icon-houzz{background-color:#7ac142}.elementor-social-icon-instagram{background-color:#262626}.elementor-social-icon-jsfiddle{background-color:#487aa2}.elementor-social-icon-link{background-color:#818a91}.elementor-social-icon-linkedin,.elementor-social-icon-linkedin-in{background-color:#0077b5}.elementor-social-icon-medium{background-color:#00ab6b}.elementor-social-icon-meetup{background-color:#ec1c40}.elementor-social-icon-mixcloud{background-color:#273a4b}.elementor-social-icon-odnoklassniki{background-color:#f4731c}.elementor-social-icon-pinterest{background-color:#bd081c}.elementor-social-icon-product-hunt{background-color:#da552f}.elementor-social-icon-reddit{background-color:#ff4500}.elementor-social-icon-rss{background-color:#f26522}.elementor-social-icon-shopping-cart{background-color:#4caf50}.elementor-social-icon-skype{background-color:#00aff0}.elementor-social-icon-slideshare{background-color:#0077b5}.elementor-social-icon-snapchat{background-color:#fffc00}.elementor-social-icon-soundcloud{background-color:#f80}.elementor-social-icon-spotify{background-color:#2ebd59}.elementor-social-icon-stack-overflow{background-color:#fe7a15}.elementor-social-icon-steam{background-color:#00adee}.elementor-social-icon-stumbleupon{background-color:#eb4924}.elementor-social-icon-telegram{background-color:#2ca5e0}.elementor-social-icon-thumb-tack{background-color:#1aa1d8}.elementor-social-icon-tripadvisor{background-color:#589442}.elementor-social-icon-tumblr{background-color:#35465c}.elementor-social-icon-twitch{background-color:#6441a5}.elementor-social-icon-twitter{background-color:#1da1f2}.elementor-social-icon-viber{background-color:#665cac}.elementor-social-icon-vimeo{background-color:#1ab7ea}.elementor-social-icon-vk{background-color:#45668e}.elementor-social-icon-weibo{background-color:#dd2430}.elementor-social-icon-weixin{background-color:#31a918}.elementor-social-icon-whatsapp{background-color:#25d366}.elementor-social-icon-wordpress{background-color:#21759b}.elementor-social-icon-xing{background-color:#026466}.elementor-social-icon-yelp{background-color:#af0606}.elementor-social-icon-youtube{background-color:#cd201f}.elementor-social-icon-500px{background-color:#0099e5}.elementor-shape-rounded .elementor-icon.elementor-social-icon{border-radius:10%}.elementor-shape-circle .elementor-icon.elementor-social-icon{border-radius:50%}<\/style>\t\t<div class=\"elementor-social-icons-wrapper elementor-grid\">\n\t\t\t\t\t\t\t<span class=\"elementor-grid-item\">\n\t\t\t\t\t<a class=\"elementor-icon elementor-social-icon elementor-social-icon-whatsapp elementor-repeater-item-259a371\" href=\"https:\/\/wa.link\/962b4g\" target=\"_blank\">\n\t\t\t\t\t\t<span class=\"elementor-screen-only\">Whatsapp<\/span>\n\t\t\t\t\t\t<i class=\"fab fa-whatsapp\"><\/i>\t\t\t\t\t<\/a>\n\t\t\t\t<\/span>\n\t\t\t\t\t<\/div>\n\t\t\t\t<\/div>\n\t\t\t\t<\/div>\n\t\t\t\t\t<\/div>\n\t\t<\/div>\n\t\t\t\t\t\t\t<\/div>\n\t\t<\/section>\n\t\t\t\t<section class=\"elementor-section elementor-top-section elementor-element elementor-element-80e64fd elementor-section-boxed elementor-section-height-default elementor-section-height-default\" data-id=\"80e64fd\" data-element_type=\"section\">\n\t\t\t\t\t\t<div class=\"elementor-container elementor-column-gap-default\">\n\t\t\t\t\t<div class=\"elementor-column elementor-col-100 elementor-top-column elementor-element elementor-element-8c5f7e0\" data-id=\"8c5f7e0\" data-element_type=\"column\">\n\t\t\t<div class=\"elementor-widget-wrap elementor-element-populated\">\n\t\t\t\t\t\t\t\t<div class=\"elementor-element elementor-element-99a30be elementor-widget elementor-widget-spacer\" data-id=\"99a30be\" data-element_type=\"widget\" data-widget_type=\"spacer.default\">\n\t\t\t\t<div class=\"elementor-widget-container\">\n\t\t\t\t\t<div class=\"elementor-spacer\">\n\t\t\t<div class=\"elementor-spacer-inner\"><\/div>\n\t\t<\/div>\n\t\t\t\t<\/div>\n\t\t\t\t<\/div>\n\t\t\t\t\t<\/div>\n\t\t<\/div>\n\t\t\t\t\t\t\t<\/div>\n\t\t<\/section>\n\t\t\t\t<section class=\"elementor-section elementor-top-section elementor-element elementor-element-197588a elementor-section-boxed elementor-section-height-default elementor-section-height-default\" data-id=\"197588a\" data-element_type=\"section\">\n\t\t\t\t\t\t<div class=\"elementor-container elementor-column-gap-default\">\n\t\t\t\t\t<div class=\"elementor-column elementor-col-50 elementor-top-column elementor-element elementor-element-122b813\" data-id=\"122b813\" data-element_type=\"column\">\n\t\t\t<div class=\"elementor-widget-wrap elementor-element-populated\">\n\t\t\t\t\t\t\t\t<div class=\"elementor-element elementor-element-b15a10f elementor-widget__width-initial elementor-widget elementor-widget-text-editor\" data-id=\"b15a10f\" data-element_type=\"widget\" data-widget_type=\"text-editor.default\">\n\t\t\t\t<div class=\"elementor-widget-container\">\n\t\t\t\t\t\t\t<h1 style=\"text-align: center;\"><span style=\"font-size: 18pt;\">\u00bfQu\u00e9 es una doula?<\/span><\/h1><div><p>Una doula es una persona capacitada y con experiencia en el parto que brinda apoyo f\u00edsico, emocional e informativo continuo a la madre antes, durante y justo despu\u00e9s del parto.<\/p><\/div>\t\t\t\t\t\t<\/div>\n\t\t\t\t<\/div>\n\t\t\t\t\t<\/div>\n\t\t<\/div>\n\t\t\t\t<div class=\"elementor-column elementor-col-50 elementor-top-column elementor-element elementor-element-bd57427\" data-id=\"bd57427\" data-element_type=\"column\">\n\t\t\t<div class=\"elementor-widget-wrap elementor-element-populated\">\n\t\t\t\t\t\t\t\t<div class=\"elementor-element elementor-element-5576a75 elementor-widget elementor-widget-text-editor\" data-id=\"5576a75\" data-element_type=\"widget\" data-widget_type=\"text-editor.default\">\n\t\t\t\t<div class=\"elementor-widget-container\">\n\t\t\t\t\t\t\t<h1 style=\"text-align: center;\"><span style=\"font-size: 18pt;\">\u00bfQu\u00e9 hacemos las doulas?<\/span><\/h1>\n<p>Las doulas acompa\u00f1amos ciclos menstruales, embarazos, partos, puerperios, lactancias, abortos y p\u00e9rdidas gestacionales. Como doulas&nbsp;transitamos con&nbsp;otras el camino de decidir en procesos y etapas en la historia sexual de cada persona.&nbsp;<\/p>\t\t\t\t\t\t<\/div>\n\t\t\t\t<\/div>\n\t\t\t\t\t<\/div>\n\t\t<\/div>\n\t\t\t\t\t\t\t<\/div>\n\t\t<\/section>\n\t\t\t\t<section class=\"elementor-section elementor-top-section elementor-element elementor-element-0c67deb elementor-section-boxed elementor-section-height-default elementor-section-height-default\" data-id=\"0c67deb\" data-element_type=\"section\">\n\t\t\t\t\t\t<div class=\"elementor-container elementor-column-gap-default\">\n\t\t\t\t\t<div class=\"elementor-column elementor-col-100 elementor-top-column elementor-element elementor-element-3590cc2\" data-id=\"3590cc2\" data-element_type=\"column\">\n\t\t\t<div class=\"elementor-widget-wrap elementor-element-populated\">\n\t\t\t\t\t\t\t\t<div class=\"elementor-element elementor-element-64b64e4 elementor-widget elementor-widget-spacer\" data-id=\"64b64e4\" data-element_type=\"widget\" data-widget_type=\"spacer.default\">\n\t\t\t\t<div class=\"elementor-widget-container\">\n\t\t\t\t\t<div class=\"elementor-spacer\">\n\t\t\t<div class=\"elementor-spacer-inner\"><\/div>\n\t\t<\/div>\n\t\t\t\t<\/div>\n\t\t\t\t<\/div>\n\t\t\t\t\t<\/div>\n\t\t<\/div>\n\t\t\t\t\t\t\t<\/div>\n\t\t<\/section>\n\t\t\t\t<section class=\"elementor-section elementor-top-section elementor-element elementor-element-72da733 elementor-section-boxed elementor-section-height-default elementor-section-height-default\" data-id=\"72da733\" data-element_type=\"section\">\n\t\t\t\t\t\t<div class=\"elementor-container elementor-column-gap-default\">\n\t\t\t\t\t<div class=\"elementor-column elementor-col-100 elementor-top-column elementor-element elementor-element-06a3653\" data-id=\"06a3653\" data-element_type=\"column\">\n\t\t\t<div class=\"elementor-widget-wrap elementor-element-populated\">\n\t\t\t\t\t\t\t\t<div class=\"elementor-element elementor-element-8b970d1 elementor-widget elementor-widget-text-editor\" data-id=\"8b970d1\" data-element_type=\"widget\" data-widget_type=\"text-editor.default\">\n\t\t\t\t<div class=\"elementor-widget-container\">\n\t\t\t\t\t\t\t<h1><span style=\"text-decoration: underline;\"><span style=\"color: #000000; font-size: 18pt; text-decoration: underline;\">APOYO F\u00cdSICO<\/span><\/span><\/h1><h2>Puede ir desde crear un ambiente tranquilo; atenuar las luces, aportar a la atm\u00f3sfera, comunicarme con las personas que est\u00e1n esperando y\/o durante la labor, hasta sugerir algunas posiciones corporales confortantes,\u00a0brindar tipos de contacto reconfortante, contrapresi\u00f3n y apretones de cadera, que pueden marcar la diferencia a la hora de evitar o retrasar el uso de analg\u00e9sicos, y llevar una compresa y colocarla en el momento adecuado. Ayud\u00e1ndole a utilizar el agua como herramienta para controlar el dolor, y anim\u00e1ndote a recuperar tu intuici\u00f3n y naturaleza instintiva.\u00a0<\/h2><div>\u00a0<\/div><h1><span style=\"text-decoration: underline;\"><span style=\"font-size: 18pt;\">APOYO EMOCIONAL<\/span><\/span><\/h1><h2><span style=\"color: #000000;\">El nacimiento es una experiencia enormemente emocional. Parece una afirmaci\u00f3n muy obvia, pero a menudo permitimos que los aspectos m\u00e9dicos\/f\u00edsicos del nacimiento eclipsen este otro aspecto fundamental de nuestro ser. Ofrezco una escucha atenta, mam\u00edfera y aguda para identificar las necesidades y deseos. \u00a0<span style=\"font-family: var( --e-global-typography-text-font-family ), Sans-serif;\"><br \/><\/span><\/span><\/h2><div><span style=\"color: #000000;\">\u00a0<\/span><\/div><h1><span style=\"text-decoration: underline;\"><span style=\"font-size: 18pt;\">APOYO INFORMATIVO<\/span><\/span><\/h1><h2>Leer un libro o tomar una clase sobre el parto, son muy buenas ideas, cuente o no con una doula. Sin embargo, la presencia de una doula puede acolchar y proveer de contenci\u00f3n a las familias por nacer. Sobre todo a trav\u00e9s de brindar informaci\u00f3n actualizada sobre los tantos mitos que hay al rededor de la gestaci\u00f3n y los nacimientos.\u00a0<\/h2><h2>Debo dejar absolutamente claro aqu\u00ed que no soy una profesional m\u00e9dica. No doy consejos m\u00e9dicos. Lo que hago es escuchar lo que quieres y acompa\u00f1ar las desiciones que trasmitas a t\u00fa partera o m\u00e9dico(a). Te acompa\u00f1ar\u00e9 compartiendo informaci\u00f3n, pero todas las desiciones que tomes ser\u00e1n tuyas.<\/h2>\t\t\t\t\t\t<\/div>\n\t\t\t\t<\/div>\n\t\t\t\t\t<\/div>\n\t\t<\/div>\n\t\t\t\t\t\t\t<\/div>\n\t\t<\/section>\n\t\t\t\t<section class=\"elementor-section elementor-top-section elementor-element elementor-element-7f72d4e elementor-section-boxed elementor-section-height-default elementor-section-height-default\" data-id=\"7f72d4e\" data-element_type=\"section\">\n\t\t\t\t\t\t<div class=\"elementor-container elementor-column-gap-default\">\n\t\t\t\t\t<div class=\"elementor-column elementor-col-100 elementor-top-column elementor-element elementor-element-fc14f7e\" data-id=\"fc14f7e\" data-element_type=\"column\">\n\t\t\t<div class=\"elementor-widget-wrap elementor-element-populated\">\n\t\t\t\t\t\t\t\t<div class=\"elementor-element elementor-element-51bd228 elementor-widget elementor-widget-spacer\" data-id=\"51bd228\" data-element_type=\"widget\" data-widget_type=\"spacer.default\">\n\t\t\t\t<div class=\"elementor-widget-container\">\n\t\t\t\t\t<div class=\"elementor-spacer\">\n\t\t\t<div class=\"elementor-spacer-inner\"><\/div>\n\t\t<\/div>\n\t\t\t\t<\/div>\n\t\t\t\t<\/div>\n\t\t\t\t\t<\/div>\n\t\t<\/div>\n\t\t\t\t\t\t\t<\/div>\n\t\t<\/section>\n\t\t\t\t\t\t\t<\/div>\n\t\t","protected":false},"excerpt":{"rendered":"<p>Ofrecemos 5 encuentros de base, con la posibilidad de modalidad virtual o presencial, o h\u00edbrida (seg\u00fan el caso).\u00a0 Para introducir y conversar sobre: Parir, alumbrar, nacer Anatom\u00eda femenina Los tres trimestres El parto sucede: pelvis y movimiento Lactancia Estos encuentros bases, incluyen intercambio de bibliograf\u00eda, material audiovisual y actividades l\u00fadicas. De manera complementaria, la mujer &hellip; <\/p>\n<p class=\"link-more\"><a href=\"https:\/\/mariasilvestre.com.co\/?page_id=176\" class=\"more-link\">Leer m\u00e1s<span class=\"screen-reader-text\"> \u00abAcompa\u00f1amiento a gestaciones, partos, puerperios, lactancias\u00bb<\/span><\/a><\/p>\n","protected":false},"author":1,"featured_media":113,"parent":2,"menu_order":0,"comment_status":"closed","ping_status":"closed","template":"","meta":{"footnotes":""},"aioseo_notices":[],"_links":{"self":[{"href":"https:\/\/mariasilvestre.com.co\/index.php?rest_route=\/wp\/v2\/pages\/176"}],"collection":[{"href":"https:\/\/mariasilvestre.com.co\/index.php?rest_route=\/wp\/v2\/pages"}],"about":[{"href":"https:\/\/mariasilvestre.com.co\/index.php?rest_route=\/wp\/v2\/types\/page"}],"author":[{"embeddable":true,"href":"https:\/\/mariasilvestre.com.co\/index.php?rest_route=\/wp\/v2\/users\/1"}],"replies":[{"embeddable":true,"href":"https:\/\/mariasilvestre.com.co\/index.php?rest_route=%2Fwp%2Fv2%2Fcomments&post=176"}],"version-history":[{"count":68,"href":"https:\/\/mariasilvestre.com.co\/index.php?rest_route=\/wp\/v2\/pages\/176\/revisions"}],"predecessor-version":[{"id":6942,"href":"https:\/\/mariasilvestre.com.co\/index.php?rest_route=\/wp\/v2\/pages\/176\/revisions\/6942"}],"up":[{"embeddable":true,"href":"https:\/\/mariasilvestre.com.co\/index.php?rest_route=\/wp\/v2\/pages\/2"}],"wp:featuredmedia":[{"embeddable":true,"href":"https:\/\/mariasilvestre.com.co\/index.php?rest_route=\/wp\/v2\/media\/113"}],"wp:attachment":[{"href":"https:\/\/mariasilvestre.com.co\/index.php?rest_route=%2Fwp%2Fv2%2Fmedia&parent=176"}],"curies":[{"name":"wp","href":"https:\/\/api.w.org\/{rel}","templated":true}]}}